{"id":18618,"date":"2020-06-03T14:05:35","date_gmt":"2020-06-03T14:05:35","guid":{"rendered":"http:\/\/demo-install.wpestate.org\/?page_id=18618"},"modified":"2024-02-21T10:27:32","modified_gmt":"2024-02-21T10:27:32","slug":"homepage-5","status":"publish","type":"page","link":"http:\/\/munkasszallasok.com\/hu\/","title":{"rendered":"Homepage"},"content":{"rendered":"<div data-elementor-type=\"wp-page\" data-elementor-id=\"18618\" class=\"elementor elementor-18618\">\n\t\t\t\t\t\t\t\t\t<section class=\"elementor-section elementor-top-section elementor-element elementor-element-ef74aaa elementor-section-full_width elementor-section-height-default elementor-section-height-default\" data-id=\"ef74aaa\" data-element_type=\"section\" data-settings=\"{&quot;background_background&quot;:&quot;classic&quot;}\">\n\t\t\t\t\t\t\t<div class=\"elementor-background-overlay\"><\/div>\n\t\t\t\t\t\t\t<div class=\"elementor-container elementor-column-gap-default\">\n\t\t\t\t\t<div class=\"elementor-column elementor-col-100 elementor-top-column elementor-element elementor-element-36283cc\" data-id=\"36283cc\" data-element_type=\"column\" data-settings=\"{&quot;background_background&quot;:&quot;classic&quot;}\">\n\t\t\t<div class=\"elementor-widget-wrap elementor-element-populated\">\n\t\t\t\t\t\t\t\t<section class=\"elementor-section elementor-inner-section elementor-element elementor-element-fd0727c elementor-section-content-middle elementor-section-boxed elementor-section-height-default elementor-section-height-default\" data-id=\"fd0727c\" data-element_type=\"section\">\n\t\t\t\t\t\t<div class=\"elementor-container elementor-column-gap-no\">\n\t\t\t\t\t<div class=\"elementor-column elementor-col-100 elementor-inner-column elementor-element elementor-element-b4959e4\" data-id=\"b4959e4\" data-element_type=\"column\">\n\t\t\t<div class=\"elementor-widget-wrap elementor-element-populated\">\n\t\t\t\t\t\t\t\t<div class=\"elementor-element elementor-element-d523c09 elementor-absolute elementor-widget elementor-widget-WpResidence_Search_Form_Builder\" data-id=\"d523c09\" data-element_type=\"widget\" data-settings=\"{&quot;_position&quot;:&quot;absolute&quot;}\" data-widget_type=\"WpResidence_Search_Form_Builder.default\">\n\t\t\t\t<div class=\"elementor-widget-container\">\n\t\t\t   \n    <div class=\"search_wrapper search_wr_elementor search_wr_elementor_shadow_false\"> \n        <div class=\"search_wrapper_color\"><\/div>\n        \n               \n        <div class=\"wpestate-adv-holder\">\n            <form role=\"search\" method=\"get\" action=\"http:\/\/munkasszallasok.com\/hu\/advanced-search-2\/\" data-trp-original-action=\"http:\/\/munkasszallasok.com\/hu\/advanced-search-2\/\" ><div class=\"elementor-field-group elementor-column form-group elementor-field-group-name elementor-col-40 elementor-md-40\"> <label for=\"form-field-name\" class=\"elementor-field-label elementor-screen-only\">Location<\/label><input type=\"text\" id=\"adv_location_0\" class=\"form-control adv_locations_search\" name=\"adv_location\"  placeholder=\"C\u00edm, \u00e1llam, v\u00e1ros, ter\u00fclet vagy ir\u00e1ny\u00edt\u00f3sz\u00e1m be\u00edr\u00e1sa\" value=\"\"><script type=\"text\/javascript\">\n                       \/\/<![CDATA[\n                       jQuery(document).ready(function(){\n                            var availableTags = [\"Satu Mare\",\"Fagaras\",\"Brasso\",\"Taksony\",\"oradea\",\"Szigetszentmiklos\",\"Budapest\",\"Kiskunlach\u00e1za\",\"Dunaharaszti\",\"Dunavars\u00e1nz\",\"I.\",\"XVII.\",\"XVIII.\",\"XIX.\",\"XX.\",\"XXI.\",\"XXII.\",\"XXIII.\",\"15\",\"23\",\"Fogaras\",\"8\",\"Szoli\",\"XVI.\",\"XV.\",\"XIV.\",\"II.\",\"III.\",\"IV.\",\"V.\",\"VI.\",\"VII.\",\"VIII.\",\"IX.\",\"X.\",\"XI.\",\"XII.\",\"XIII.\",\"Iparter\u00fclet\",\"6\",\"Budapest\",\"satu mare\",\"bihor\",\"Brasso\",\"Brasov\",\"Szatmar\",\"Pest\",];\n                            jQuery(\".adv_locations_search\").autocomplete({\n                                source: availableTags,\n                                change: function() {\n                                    wpestate_show_pins();\n                                }\n                            });\n                       });\n                       \/\/]]>\n                       <\/script><\/div><div class=\"elementor-field-group elementor-column form-group elementor-field-group-message elementor-col-20 elementor-md-20\"> <label for=\"form-field-message\" class=\"elementor-field-label elementor-screen-only\">Category<\/label><div class=\"dropdown form-control\">\n        <div data-toggle=\"dropdown\" id=\"adv_categ\" class=\"filter_menu_trigger\" xxmaca cacaall property category data-value=\"all\">Keres\u00e9s sz\u00e1ll\u00e1shely tipusa szerint\n            <span class=\"caret  caret_filter\"><\/span>\n            <\/div> <input type=\"hidden\" name=\"filter_search_type[]\" value=\"\">\n                <ul  id=\"categlist\" class=\"dropdown-menu filter_menu\" role=\"menu\" aria-labelledby=\"adv_categ\">\n                    <li role=\"presentation\" data-value=\"all\">Keres\u00e9s sz\u00e1ll\u00e1shely tipusa szerint<\/li><li role=\"presentation\" data-value=\"all\">Kateg\u00f3ri\u00e1k<\/li><li role=\"presentation\" data-value=\"hostel\">Hostel<\/li><li role=\"presentation\" data-value=\"pension\">Panzi\u00f3<\/li><li role=\"presentation\" data-value=\"worker-hostel\">Munk\u00e1ssz\u00e1llo<\/li>\n                <\/ul>\n            <\/div><\/div><div class=\"elementor-field-group elementor-column form-group elementor-field-group-e272436 elementor-col-20 elementor-md-20\"> <label for=\"form-field-e272436\" class=\"elementor-field-label elementor-screen-only\">Minim\u00e1lis \u00e1r<\/label><input type=\"text\" id=\"minim-price\"  name=\"minim-price\" placeholder=\"\u00c1r\" value=\"\" class=\"advanced_select form-control\" \/><\/div><div class=\"elemenentor_submit_wrapper elementor-field-group form-group  elementor-column elementor-col-20\" ><button name=\"submit\" type=\"submit\" class=\"wpresidence_button  search_button_use_hover_effect_no\"  value=\"Search Properties\"><div class=\"elementor-icon\"><\/div>Sz\u00e1ll\u00e1shely keres\u00e9se<\/button><\/div><input type=\"hidden\" name=\"elementor_form_id\" value=\"18618\"><input type=\"hidden\" name=\"trp-form-language\" value=\"hu\"\/><\/form>        <\/div>\n        \n    <\/div>\n        \n    \t\t<\/div>\n\t\t\t\t<\/div>\n\t\t\t\t\t<\/div>\n\t\t<\/div>\n\t\t\t\t\t\t\t<\/div>\n\t\t<\/section>\n\t\t\t\t\t<\/div>\n\t\t<\/div>\n\t\t\t\t\t\t\t<\/div>\n\t\t<\/section>\n\t\t\t\t<section class=\"elementor-section elementor-top-section elementor-element elementor-element-baaa543 elementor-section-stretched elementor-section-boxed elementor-section-height-default elementor-section-height-default\" data-id=\"baaa543\" data-element_type=\"section\" data-settings=\"{&quot;stretch_section&quot;:&quot;section-stretched&quot;,&quot;background_background&quot;:&quot;classic&quot;}\">\n\t\t\t\t\t\t\t<div class=\"elementor-background-overlay\"><\/div>\n\t\t\t\t\t\t\t<div class=\"elementor-container elementor-column-gap-no\">\n\t\t\t\t\t<div class=\"elementor-column elementor-col-100 elementor-top-column elementor-element elementor-element-6558369\" data-id=\"6558369\" data-element_type=\"column\">\n\t\t\t<div class=\"elementor-widget-wrap elementor-element-populated\">\n\t\t\t\t\t\t\t\t<section class=\"elementor-section elementor-inner-section elementor-element elementor-element-11bc0df elementor-section-boxed elementor-section-height-default elementor-section-height-default\" data-id=\"11bc0df\" data-element_type=\"section\">\n\t\t\t\t\t\t<div class=\"elementor-container elementor-column-gap-default\">\n\t\t\t\t\t<div class=\"elementor-column elementor-col-100 elementor-inner-column elementor-element elementor-element-03f1de6\" data-id=\"03f1de6\" data-element_type=\"column\">\n\t\t\t<div class=\"elementor-widget-wrap elementor-element-populated\">\n\t\t\t\t\t\t\t\t<div class=\"elementor-element elementor-element-bc815f7 elementor-invisible elementor-widget elementor-widget-heading\" data-id=\"bc815f7\" data-element_type=\"widget\" data-settings=\"{&quot;_animation&quot;:&quot;fadeIn&quot;,&quot;_animation_delay&quot;:50}\" data-widget_type=\"heading.default\">\n\t\t\t\t<div class=\"elementor-widget-container\">\n\t\t\t<style>\/*! elementor - v3.8.0 - 30-10-2022 *\/\n.elementor-heading-title{padding:0;margin:0;line-height:1}.elementor-widget-heading .elementor-heading-title[class*=elementor-size-]>a{color:inherit;font-size:inherit;line-height:inherit}.elementor-widget-heading .elementor-heading-title.elementor-size-small{font-size:15px}.elementor-widget-heading .elementor-heading-title.elementor-size-medium{font-size:19px}.elementor-widget-heading .elementor-heading-title.elementor-size-large{font-size:29px}.elementor-widget-heading .elementor-heading-title.elementor-size-xl{font-size:39px}.elementor-widget-heading .elementor-heading-title.elementor-size-xxl{font-size:59px}<\/style><h2 class=\"elementor-heading-title elementor-size-default\">Sz\u00e1ll\u00e1sok sz\u00e9les v\u00e1laszt\u00e9k\u00e1t ny\u00fajtjuk <br>minden ig\u00e9nynek megfelel\u0151en<\/h2>\t\t<\/div>\n\t\t\t\t<\/div>\n\t\t\t\t<div class=\"elementor-element elementor-element-c995fdd elementor-invisible elementor-widget elementor-widget-text-editor\" data-id=\"c995fdd\" data-element_type=\"widget\" data-settings=\"{&quot;_animation&quot;:&quot;fadeIn&quot;,&quot;_animation_delay&quot;:50}\" data-widget_type=\"text-editor.default\">\n\t\t\t\t<div class=\"elementor-widget-container\">\n\t\t\t<style>\/*! elementor - v3.8.0 - 30-10-2022 *\/\n.elementor-widget-text-editor.elementor-drop-cap-view-stacked .elementor-drop-cap{background-color:#818a91;color:#fff}.elementor-widget-text-editor.elementor-drop-cap-view-framed .elementor-drop-cap{color:#818a91;border:3px solid;background-color:transparent}.elementor-widget-text-editor:not(.elementor-drop-cap-view-default) .elementor-drop-cap{margin-top:8px}.elementor-widget-text-editor:not(.elementor-drop-cap-view-default) .elementor-drop-cap-letter{width:1em;height:1em}.elementor-widget-text-editor .elementor-drop-cap{float:left;text-align:center;line-height:1;font-size:50px}.elementor-widget-text-editor .elementor-drop-cap-letter{display:inline-block}<\/style>\t\t\t\t<p>Segit\u00fcnk hogy megtal\u00e1lja az \u00f6n ig\u00e9nyeinek legjobban megfelel\u0151 sz\u00e1ll\u00e1st eg\u00e9sz Magyarorsz\u00e1g ter\u00fclet\u00e9n<\/p>\t\t\t\t\t\t<\/div>\n\t\t\t\t<\/div>\n\t\t\t\t\t<\/div>\n\t\t<\/div>\n\t\t\t\t\t\t\t<\/div>\n\t\t<\/section>\n\t\t\t\t<div class=\"elementor-element elementor-element-8029d2b elementor-widget elementor-widget-spacer\" data-id=\"8029d2b\" data-element_type=\"widget\" data-widget_type=\"spacer.default\">\n\t\t\t\t<div class=\"elementor-widget-container\">\n\t\t\t<style>\/*! elementor - v3.8.0 - 30-10-2022 *\/\n.elementor-column .elementor-spacer-inner{height:var(--spacer-size)}.e-con{--container-widget-width:100%}.e-con-inner>.elementor-widget-spacer,.e-con>.elementor-widget-spacer{width:var(--container-widget-width,var(--spacer-size));-ms-flex-item-align:stretch;align-self:stretch;-ms-flex-negative:0;flex-shrink:0}.e-con-inner>.elementor-widget-spacer>.elementor-widget-container,.e-con-inner>.elementor-widget-spacer>.elementor-widget-container>.elementor-spacer,.e-con>.elementor-widget-spacer>.elementor-widget-container,.e-con>.elementor-widget-spacer>.elementor-widget-container>.elementor-spacer{height:100%}.e-con-inner>.elementor-widget-spacer>.elementor-widget-container>.elementor-spacer>.elementor-spacer-inner,.e-con>.elementor-widget-spacer>.elementor-widget-container>.elementor-spacer>.elementor-spacer-inner{height:var(--container-widget-height,var(--spacer-size))}<\/style>\t\t<div class=\"elementor-spacer\">\n\t\t\t<div class=\"elementor-spacer-inner\"><\/div>\n\t\t<\/div>\n\t\t\t\t<\/div>\n\t\t\t\t<\/div>\n\t\t\t\t<section class=\"elementor-section elementor-inner-section elementor-element elementor-element-1f0ac38 elementor-section-content-middle elementor-section-boxed elementor-section-height-default elementor-section-height-default\" data-id=\"1f0ac38\" data-element_type=\"section\">\n\t\t\t\t\t\t<div class=\"elementor-container elementor-column-gap-default\">\n\t\t\t\t\t<div class=\"elementor-column elementor-col-50 elementor-inner-column elementor-element elementor-element-bc6e3c3 elementor-invisible\" data-id=\"bc6e3c3\" data-element_type=\"column\" data-settings=\"{&quot;background_background&quot;:&quot;classic&quot;,&quot;animation&quot;:&quot;fadeIn&quot;,&quot;animation_delay&quot;:50}\">\n\t\t\t<div class=\"elementor-widget-wrap elementor-element-populated\">\n\t\t\t\t\t\t\t\t<div class=\"elementor-element elementor-element-4137d5c elementor-view-default elementor-widget elementor-widget-icon\" data-id=\"4137d5c\" data-element_type=\"widget\" data-widget_type=\"icon.default\">\n\t\t\t\t<div class=\"elementor-widget-container\">\n\t\t\t\t\t<div class=\"elementor-icon-wrapper\">\n\t\t\t<div class=\"elementor-icon\">\n\t\t\t<i aria-hidden=\"true\" class=\"far fa-credit-card\"><\/i>\t\t\t<\/div>\n\t\t<\/div>\n\t\t\t\t<\/div>\n\t\t\t\t<\/div>\n\t\t\t\t<div class=\"elementor-element elementor-element-511a055 elementor-view-default elementor-vertical-align-top elementor-widget elementor-widget-icon-box\" data-id=\"511a055\" data-element_type=\"widget\" data-widget_type=\"icon-box.default\">\n\t\t\t\t<div class=\"elementor-widget-container\">\n\t\t\t<link rel=\"stylesheet\" href=\"https:\/\/munkasszallasok.com\/wp-content\/plugins\/elementor\/assets\/css\/widget-icon-box.min.css\">\t\t<div class=\"elementor-icon-box-wrapper\">\n\t\t\t\t\t\t<div class=\"elementor-icon-box-content\">\n\t\t\t\t<h3 class=\"elementor-icon-box-title\">\n\t\t\t\t\t<span  >\n\t\t\t\t\t\tSz\u00e1ll\u00e1sad\u00f3knak\t\t\t\t\t<\/span>\n\t\t\t\t<\/h3>\n\t\t\t\t\t\t\t<\/div>\n\t\t<\/div>\n\t\t\t\t<\/div>\n\t\t\t\t<\/div>\n\t\t\t\t<div class=\"elementor-element elementor-element-c718de9 elementor-align-center elementor-icon-list--layout-traditional elementor-list-item-link-full_width elementor-widget elementor-widget-icon-list\" data-id=\"c718de9\" data-element_type=\"widget\" data-widget_type=\"icon-list.default\">\n\t\t\t\t<div class=\"elementor-widget-container\">\n\t\t\t<link rel=\"stylesheet\" href=\"https:\/\/munkasszallasok.com\/wp-content\/plugins\/elementor\/assets\/css\/widget-icon-list.min.css\">\t\t<ul class=\"elementor-icon-list-items\">\n\t\t\t\t\t\t\t<li class=\"elementor-icon-list-item\">\n\t\t\t\t\t\t\t\t\t\t\t<span class=\"elementor-icon-list-icon\">\n\t\t\t\t\t\t\t<i aria-hidden=\"true\" class=\"fas fa-check\"><\/i>\t\t\t\t\t\t<\/span>\n\t\t\t\t\t\t\t\t\t\t<span class=\"elementor-icon-list-text\">Hirdesse sz\u00e1ll\u00e1s\u00e1t 30 napig ingyen<\/span>\n\t\t\t\t\t\t\t\t\t<\/li>\n\t\t\t\t\t\t\t\t<li class=\"elementor-icon-list-item\">\n\t\t\t\t\t\t\t\t\t\t\t<span class=\"elementor-icon-list-icon\">\n\t\t\t\t\t\t\t<i aria-hidden=\"true\" class=\"fas fa-check\"><\/i>\t\t\t\t\t\t<\/span>\n\t\t\t\t\t\t\t\t\t\t<span class=\"elementor-icon-list-text\">Hirdet\u00e9s\u00e9t t\u00f6ltse fel 4 egyszer\u0171 l\u00e9p\u00e9sben<\/span>\n\t\t\t\t\t\t\t\t\t<\/li>\n\t\t\t\t\t\t\t\t<li class=\"elementor-icon-list-item\">\n\t\t\t\t\t\t\t\t\t\t\t<span class=\"elementor-icon-list-icon\">\n\t\t\t\t\t\t\t<i aria-hidden=\"true\" class=\"fas fa-check\"><\/i>\t\t\t\t\t\t<\/span>\n\t\t\t\t\t\t\t\t\t\t<span class=\"elementor-icon-list-text\">Aj\u00e1nlja sz\u00e1ll\u00e1s\u00e1t a legjobb keres\u0151n<\/span>\n\t\t\t\t\t\t\t\t\t<\/li>\n\t\t\t\t\t\t<\/ul>\n\t\t\t\t<\/div>\n\t\t\t\t<\/div>\n\t\t\t\t<div class=\"elementor-element elementor-element-2296966 elementor-align-center elementor-widget elementor-widget-button\" data-id=\"2296966\" data-element_type=\"widget\" data-widget_type=\"button.default\">\n\t\t\t\t<div class=\"elementor-widget-container\">\n\t\t\t\t\t<div class=\"elementor-button-wrapper\">\n\t\t\t<a href=\"http:\/\/munkasszallasok.com\/hu\/property-submit-front-2\/\" class=\"elementor-button-link elementor-button elementor-size-sm\" role=\"button\">\n\t\t\t\t\t\t<span class=\"elementor-button-content-wrapper\">\n\t\t\t\t\t\t<span class=\"elementor-button-text\">Tov\u00e1bbi inform\u00e1ci\u00f3k<\/span>\n\t\t<\/span>\n\t\t\t\t\t<\/a>\n\t\t<\/div>\n\t\t\t\t<\/div>\n\t\t\t\t<\/div>\n\t\t\t\t\t<\/div>\n\t\t<\/div>\n\t\t\t\t<div class=\"elementor-column elementor-col-50 elementor-inner-column elementor-element elementor-element-c72cc71 elementor-invisible\" data-id=\"c72cc71\" data-element_type=\"column\" data-settings=\"{&quot;background_background&quot;:&quot;classic&quot;,&quot;animation&quot;:&quot;fadeIn&quot;,&quot;animation_delay&quot;:50}\">\n\t\t\t<div class=\"elementor-widget-wrap elementor-element-populated\">\n\t\t\t\t\t\t\t\t<div class=\"elementor-element elementor-element-60143c1 elementor-view-default elementor-widget elementor-widget-icon\" data-id=\"60143c1\" data-element_type=\"widget\" data-widget_type=\"icon.default\">\n\t\t\t\t<div class=\"elementor-widget-container\">\n\t\t\t\t\t<div class=\"elementor-icon-wrapper\">\n\t\t\t<div class=\"elementor-icon\">\n\t\t\t<i aria-hidden=\"true\" class=\"far fa-handshake\"><\/i>\t\t\t<\/div>\n\t\t<\/div>\n\t\t\t\t<\/div>\n\t\t\t\t<\/div>\n\t\t\t\t<div class=\"elementor-element elementor-element-8664fa4 elementor-view-default elementor-vertical-align-top elementor-widget elementor-widget-icon-box\" data-id=\"8664fa4\" data-element_type=\"widget\" data-widget_type=\"icon-box.default\">\n\t\t\t\t<div class=\"elementor-widget-container\">\n\t\t\t\t\t<div class=\"elementor-icon-box-wrapper\">\n\t\t\t\t\t\t<div class=\"elementor-icon-box-content\">\n\t\t\t\t<h3 class=\"elementor-icon-box-title\">\n\t\t\t\t\t<span  >\n\t\t\t\t\t\tSz\u00e1ll\u00e1skeres\u0151knek\t\t\t\t\t<\/span>\n\t\t\t\t<\/h3>\n\t\t\t\t\t\t\t<\/div>\n\t\t<\/div>\n\t\t\t\t<\/div>\n\t\t\t\t<\/div>\n\t\t\t\t<div class=\"elementor-element elementor-element-47b50af elementor-align-center elementor-icon-list--layout-traditional elementor-list-item-link-full_width elementor-widget elementor-widget-icon-list\" data-id=\"47b50af\" data-element_type=\"widget\" data-widget_type=\"icon-list.default\">\n\t\t\t\t<div class=\"elementor-widget-container\">\n\t\t\t\t\t<ul class=\"elementor-icon-list-items\">\n\t\t\t\t\t\t\t<li class=\"elementor-icon-list-item\">\n\t\t\t\t\t\t\t\t\t\t\t<span class=\"elementor-icon-list-icon\">\n\t\t\t\t\t\t\t<i aria-hidden=\"true\" class=\"fas fa-check\"><\/i>\t\t\t\t\t\t<\/span>\n\t\t\t\t\t\t\t\t\t\t<span class=\"elementor-icon-list-text\">Keressen egyszer\u0171en \u00e9s gyorsan sz\u00e1ll\u00e1st<\/span>\n\t\t\t\t\t\t\t\t\t<\/li>\n\t\t\t\t\t\t\t\t<li class=\"elementor-icon-list-item\">\n\t\t\t\t\t\t\t\t\t\t\t<span class=\"elementor-icon-list-icon\">\n\t\t\t\t\t\t\t<i aria-hidden=\"true\" class=\"fas fa-check\"><\/i>\t\t\t\t\t\t<\/span>\n\t\t\t\t\t\t\t\t\t\t<span class=\"elementor-icon-list-text\">A partnereink a legv\u00e1ltozatosabb \u00e9s minden <br> ig\u00e9nyt kiel\u00e9git\u0151 sz\u00e1ll\u00e1sokat aj\u00e1nlanak \u00d6nnek<\/span>\n\t\t\t\t\t\t\t\t\t<\/li>\n\t\t\t\t\t\t<\/ul>\n\t\t\t\t<\/div>\n\t\t\t\t<\/div>\n\t\t\t\t<div class=\"elementor-element elementor-element-40ccad4 elementor-align-center elementor-widget elementor-widget-button\" data-id=\"40ccad4\" data-element_type=\"widget\" data-widget_type=\"button.default\">\n\t\t\t\t<div class=\"elementor-widget-container\">\n\t\t\t\t\t<div class=\"elementor-button-wrapper\">\n\t\t\t<a href=\"#\" class=\"elementor-button-link elementor-button elementor-size-sm\" role=\"button\">\n\t\t\t\t\t\t<span class=\"elementor-button-content-wrapper\">\n\t\t\t\t\t\t<span class=\"elementor-button-text\">Tov\u00e1bbi inform\u00e1ci\u00f3k<\/span>\n\t\t<\/span>\n\t\t\t\t\t<\/a>\n\t\t<\/div>\n\t\t\t\t<\/div>\n\t\t\t\t<\/div>\n\t\t\t\t\t<\/div>\n\t\t<\/div>\n\t\t\t\t\t\t\t<\/div>\n\t\t<\/section>\n\t\t\t\t\t<\/div>\n\t\t<\/div>\n\t\t\t\t\t\t\t<\/div>\n\t\t<\/section>\n\t\t\t\t<section class=\"elementor-section elementor-top-section elementor-element elementor-element-57071bc elementor-section-stretched elementor-section-boxed elementor-section-height-default elementor-section-height-default\" data-id=\"57071bc\" data-element_type=\"section\" data-settings=\"{&quot;stretch_section&quot;:&quot;section-stretched&quot;,&quot;background_background&quot;:&quot;classic&quot;}\">\n\t\t\t\t\t\t<div class=\"elementor-container elementor-column-gap-default\">\n\t\t\t\t\t<div class=\"elementor-column elementor-col-100 elementor-top-column elementor-element elementor-element-cd1a004\" data-id=\"cd1a004\" data-element_type=\"column\">\n\t\t\t<div class=\"elementor-widget-wrap\">\n\t\t\t\t\t\t\t\t\t<\/div>\n\t\t<\/div>\n\t\t\t\t\t\t\t<\/div>\n\t\t<\/section>\n\t\t\t\t<section class=\"elementor-section elementor-top-section elementor-element elementor-element-7650351 elementor-section-full_width elementor-section-content-middle elementor-section-stretched elementor-section-height-default elementor-section-height-default\" data-id=\"7650351\" data-element_type=\"section\" data-settings=\"{&quot;stretch_section&quot;:&quot;section-stretched&quot;}\">\n\t\t\t\t\t\t<div class=\"elementor-container elementor-column-gap-default\">\n\t\t\t\t\t<div class=\"elementor-column elementor-col-50 elementor-top-column elementor-element elementor-element-3a5edb1\" data-id=\"3a5edb1\" data-element_type=\"column\" data-settings=\"{&quot;background_background&quot;:&quot;classic&quot;}\">\n\t\t\t<div class=\"elementor-widget-wrap elementor-element-populated\">\n\t\t\t\t\t<div class=\"elementor-background-overlay\"><\/div>\n\t\t\t\t\t\t\t\t\t<\/div>\n\t\t<\/div>\n\t\t\t\t<div class=\"elementor-column elementor-col-50 elementor-top-column elementor-element elementor-element-70d6da7\" data-id=\"70d6da7\" data-element_type=\"column\" data-settings=\"{&quot;background_background&quot;:&quot;classic&quot;}\">\n\t\t\t<div class=\"elementor-widget-wrap elementor-element-populated\">\n\t\t\t\t\t<div class=\"elementor-background-overlay\"><\/div>\n\t\t\t\t\t\t\t\t<div class=\"elementor-element elementor-element-10bb0b2 elementor-invisible elementor-widget elementor-widget-heading\" data-id=\"10bb0b2\" data-element_type=\"widget\" data-settings=\"{&quot;_animation&quot;:&quot;fadeIn&quot;,&quot;_animation_delay&quot;:50}\" data-widget_type=\"heading.default\">\n\t\t\t\t<div class=\"elementor-widget-container\">\n\t\t\t<h2 class=\"elementor-heading-title elementor-size-default\">Sz\u00edvesen hallan\u00e1nk <br>t\u0151led<\/h2>\t\t<\/div>\n\t\t\t\t<\/div>\n\t\t\t\t<div class=\"elementor-element elementor-element-0c243b3 elementor-widget__width-initial elementor-invisible elementor-widget elementor-widget-text-editor\" data-id=\"0c243b3\" data-element_type=\"widget\" data-settings=\"{&quot;_animation&quot;:&quot;fadeIn&quot;,&quot;_animation_delay&quot;:50}\" data-widget_type=\"text-editor.default\">\n\t\t\t\t<div class=\"elementor-widget-container\">\n\t\t\t\t\t\t\t<p>K\u00e9rj\u00fck, t\u00f6ltse ki az al\u00e1bbi \u0171rlapot, \u00e9s \u00fcgyn\u00f6keink 24 \u00f3r\u00e1n bel\u00fcl azonnal felkeresik \u00d6nt.\u00a0\u00a0<\/p>\t\t\t\t\t\t<\/div>\n\t\t\t\t<\/div>\n\t\t\t\t<div class=\"elementor-element elementor-element-d15434f elementor-widget__width-initial elementor-invisible elementor-widget elementor-widget-WpResidence_Contact_Form\" data-id=\"d15434f\" data-element_type=\"widget\" data-settings=\"{&quot;_animation&quot;:&quot;fadeIn&quot;,&quot;_animation_delay&quot;:50}\" data-widget_type=\"WpResidence_Contact_Form.default\">\n\t\t\t\t<div class=\"elementor-widget-container\">\n\t\t\t<div class=\"shortcode_contact_form sh_form_align_left\">\n\n        <div class=\"alert-box error\">\n            <div class=\"alert-message\" id=\"footer_alert-agent-contact_sh\"><\/div>\n        <\/div>\n\n        <input type=\"text\" style=\"color:#696969!important;background:#FFFFFF!important;\" placeholder=\"A neved\" required=\"required\"   id=\"foot_contact_name_sh\"  name=\"contact_name\" class=\"form-control\" value=\"\" tabindex=\"373\">\n        <input type=\"email\" style=\"color:#696969!important;background:#FFFFFF!important;\" required=\"required\" placeholder=\"Az email c\u00edmed\"  id=\"foot_contact_email_sh\" name=\"contact_email\" class=\"form-control wpestate-form-control-sh\" value=\"\" tabindex=\"374\">\n        <input type=\"email\" style=\"color:#696969!important;background:#FFFFFF!important;\" required=\"required\" placeholder=\"Telefonod\"  id=\"foot_contact_phone_sh\" name=\"contact_phone\" class=\"form-control wpestate-form-control-sh\" value=\"\" tabindex=\"374\">\n        <textarea style=\"color:#696969!important;background:#FFFFFF!important;\" placeholder=\"\u00cdrja be az \u00fczenetet ...\" required=\"required\" id=\"foot_contact_content_sh\" name=\"contact_content\" class=\"form-control wpestate-form-control-sh\" rows=\"4\" tabindex=\"375\"><\/textarea>\n        <input type=\"hidden\" name=\"contact_footer_ajax_nonce\" id=\"contact_footer_ajax_nonce_sh\"  value=\"8b52e2c337\" \/><div class=\"gpr_wrapper\"><input type=\"checkbox\" role=\"checkbox\" aria-checked=\"false\" id=\"wpestate_agree_gdpr\" class=\"wpestate_agree_gdpr\" name=\"wpestate_agree_gdpr\" \/>\n            <label for=\"wpestate_agree_gdpr\">Elfogadom a <a target=\"_blank\" href=\"http:\/\/munkasszallasok.com\/hu\/gdpr\/\">GDPR felt\u00e9teleit.<\/a><\/label><\/div>\n          <div class=\"btn-cont\">\n            <button type=\"submit\" id=\"btn-cont-submit_sh\" class=\"wpresidence_button sh_but_1\">\u00dczenet k\u00fcld\u00e9se<\/button>\n\n            <input type=\"hidden\" value=\"\" name=\"contact_to\">\n            <div class=\"bottom-arrow\"><\/div>\n        <\/div>\n    <\/div><style>\n    .shortcode_contact_form textarea::-webkit-input-placeholder,\n    .shortcode_contact_form input::-webkit-input-placeholder {\n     color:#696969!important;\";\n}\n<\/style><script type=\"text\/javascript\">\n                \/\/<![CDATA[\n                jQuery(document).ready(function(){\n                  wpestate_contact_us_shortcode();\n                });\n                \/\/]]>\n            <\/script>\t\t<\/div>\n\t\t\t\t<\/div>\n\t\t\t\t\t<\/div>\n\t\t<\/div>\n\t\t\t\t\t\t\t<\/div>\n\t\t<\/section>\n\t\t\t\t\t\t\t<\/div>","protected":false},"excerpt":{"rendered":"<p>Location Category Property Category Property Category Categories Guest House Hostel Minim PriceSearch Properties We offer a wide range of accommodation to suit all needs We help you to find the accommodation that best suits your needs throughout Hungary For accommodation providers Advertise your accommodation for 30 days for free Upload your ad in 4 easy steps Offer your accommodation on the best search engine &#8230;<\/p>","protected":false},"author":1,"featured_media":0,"parent":0,"menu_order":0,"comment_status":"closed","ping_status":"closed","template":"elementor_header_footer","meta":{"footnotes":""},"_links":{"self":[{"href":"http:\/\/munkasszallasok.com\/hu\/wp-json\/wp\/v2\/pages\/18618"}],"collection":[{"href":"http:\/\/munkasszallasok.com\/hu\/wp-json\/wp\/v2\/pages"}],"about":[{"href":"http:\/\/munkasszallasok.com\/hu\/wp-json\/wp\/v2\/types\/page"}],"author":[{"embeddable":true,"href":"http:\/\/munkasszallasok.com\/hu\/wp-json\/wp\/v2\/users\/1"}],"replies":[{"embeddable":true,"href":"http:\/\/munkasszallasok.com\/hu\/wp-json\/wp\/v2\/comments?post=18618"}],"version-history":[{"count":151,"href":"http:\/\/munkasszallasok.com\/hu\/wp-json\/wp\/v2\/pages\/18618\/revisions"}],"predecessor-version":[{"id":22211,"href":"http:\/\/munkasszallasok.com\/hu\/wp-json\/wp\/v2\/pages\/18618\/revisions\/22211"}],"wp:attachment":[{"href":"http:\/\/munkasszallasok.com\/hu\/wp-json\/wp\/v2\/media?parent=18618"}],"curies":[{"name":"wp","href":"https:\/\/api.w.org\/{rel}","templated":true}]}}